{"id":2,"date":"2024-06-11T09:53:55","date_gmt":"2024-06-11T09:53:55","guid":{"rendered":"https:\/\/wirsun.eco\/?page_id=2"},"modified":"2024-08-09T11:23:54","modified_gmt":"2024-08-09T11:23:54","slug":"datenschutz","status":"publish","type":"page","link":"https:\/\/wirsun.com\/en\/datenschutz\/","title":{"rendered":"Datenschutz"},"content":{"rendered":"<div data-elementor-type=\"wp-page\" data-elementor-id=\"2\" class=\"elementor elementor-2\">\n\t\t\t\t<div class=\"elementor-element elementor-element-2ba9ee9 e-flex e-con-boxed e-con e-parent\" data-id=\"2ba9ee9\" data-element_type=\"container\" data-settings=\"{&quot;background_background&quot;:&quot;classic&quot;}\">\n\t\t\t\t\t<div class=\"e-con-inner\">\n\t\t<div class=\"elementor-element elementor-element-97442c3 e-con-full e-flex e-con e-child\" data-id=\"97442c3\" data-element_type=\"container\">\n\t\t<div class=\"elementor-element elementor-element-4a4e0be e-con-full e-flex e-con e-child\" data-id=\"4a4e0be\" data-element_type=\"container\">\n\t\t<div class=\"elementor-element elementor-element-2ae60be e-con-full e-flex e-con e-child\" data-id=\"2ae60be\" data-element_type=\"container\">\n\t\t\t\t<div class=\"elementor-element elementor-element-afb9b39 elementor-invisible elementor-widget elementor-widget-heading\" data-id=\"afb9b39\" data-element_type=\"widget\" data-settings=\"{&quot;_animation&quot;:&quot;fadeInUp&quot;}\" data-widget_type=\"heading.default\">\n\t\t\t\t<div class=\"elementor-widget-container\">\n\t\t\t\t\t<h1 class=\"elementor-heading-title elementor-size-default\">Datenschutz<\/h1>\t\t\t\t<\/div>\n\t\t\t\t<\/div>\n\t\t\t\t<\/div>\n\t\t<div class=\"elementor-element elementor-element-ce01309 e-con-full e-flex e-con e-child\" data-id=\"ce01309\" data-element_type=\"container\">\n\t\t\t\t<div class=\"elementor-element elementor-element-a331658 elementor-invisible elementor-widget elementor-widget-image\" data-id=\"a331658\" data-element_type=\"widget\" data-settings=\"{&quot;_animation&quot;:&quot;fadeInUp&quot;}\" data-widget_type=\"image.default\">\n\t\t\t\t<div class=\"elementor-widget-container\">\n\t\t\t\t\t\t\t\t\t\t\t\t\t\t\t<img fetchpriority=\"high\" decoding=\"async\" width=\"1000\" height=\"820\" src=\"https:\/\/wirsun.com\/wp-content\/uploads\/2024\/08\/wirsun-arise.png\" class=\"attachment-full size-full wp-image-637\" alt=\"\" srcset=\"https:\/\/wirsun.com\/wp-content\/uploads\/2024\/08\/wirsun-arise.png 1000w, https:\/\/wirsun.com\/wp-content\/uploads\/2024\/08\/wirsun-arise-300x246.png 300w, https:\/\/wirsun.com\/wp-content\/uploads\/2024\/08\/wirsun-arise-768x630.png 768w, https:\/\/wirsun.com\/wp-content\/uploads\/2024\/08\/wirsun-arise-760x623.png 760w, https:\/\/wirsun.com\/wp-content\/uploads\/2024\/08\/wirsun-arise-370x303.png 370w\" sizes=\"(max-width: 1000px) 100vw, 1000px\" \/>\t\t\t\t\t\t\t\t\t\t\t\t\t\t\t<\/div>\n\t\t\t\t<\/div>\n\t\t\t\t<\/div>\n\t\t\t\t<\/div>\n\t\t\t\t<\/div>\n\t\t\t\t\t<\/div>\n\t\t\t\t<\/div>\n\t\t<div class=\"elementor-element elementor-element-01ef705 e-flex e-con-boxed e-con e-parent\" data-id=\"01ef705\" data-element_type=\"container\">\n\t\t\t\t\t<div class=\"e-con-inner\">\n\t\t<div class=\"elementor-element elementor-element-3c2c9f6 e-con-full e-flex e-con e-child\" data-id=\"3c2c9f6\" data-element_type=\"container\">\n\t\t<div class=\"elementor-element elementor-element-edd43da e-con-full e-flex e-con e-child\" data-id=\"edd43da\" data-element_type=\"container\">\n\t\t<div class=\"elementor-element elementor-element-17867ce e-con-full e-flex e-con e-child\" data-id=\"17867ce\" data-element_type=\"container\">\n\t\t\t\t<div class=\"elementor-element elementor-element-586e011 elementor-widget__width-inherit elementor-invisible elementor-widget elementor-widget-text-editor\" data-id=\"586e011\" data-element_type=\"widget\" data-settings=\"{&quot;_animation&quot;:&quot;fadeInUp&quot;}\" data-widget_type=\"text-editor.default\">\n\t\t\t\t<div class=\"elementor-widget-container\">\n\t\t\t\t\t\t\t\t\t<p><strong>1. Einleitung<\/strong><\/p><p>Willkommen bei WirSun. Wir sch\u00e4tzen Ihre Privatsph\u00e4re und verpflichten uns, Ihre pers\u00f6nlichen Daten zu sch\u00fctzen. Diese Datenschutzerkl\u00e4rung erkl\u00e4rt, wie wir Ihre Informationen sammeln, verwenden und sch\u00fctzen, wenn Sie unsere Website <a href=\"http:\/\/www.wirsun.de\" target=\"_new\" rel=\"noreferrer\">www.wirsun.de<\/a> (die &#8222;Website&#8220;) besuchen oder unsere Dienstleistungen in Anspruch nehmen.<\/p><p><strong>2. Verantwortliche Stelle<\/strong><\/p><p>Wirsun, mit Sitz in [vollst\u00e4ndige Adresse einf\u00fcgen], Deutschland, ist die verantwortliche Stelle f\u00fcr Ihre personenbezogenen Daten.<\/p><p><strong>3. Welche Daten wir erheben<\/strong><\/p><p>Wir k\u00f6nnen die folgenden Arten von personenbezogenen Daten erheben:<\/p><ul><li><strong>Kontaktdaten:<\/strong> Name, E-Mail-Adresse, Telefonnummer und Postanschrift.<\/li><li><strong>Technische Daten:<\/strong> IP-Adresse, Browsertyp, Zeitzoneneinstellungen, Standort und andere technische Daten \u00fcber die Ger\u00e4te, die Sie zur Nutzung unserer Website verwenden.<\/li><li><strong>Nutzungsdaten:<\/strong> Informationen dar\u00fcber, wie Sie unsere Website und Dienstleistungen nutzen.<\/li><li><strong>Marketing- und Kommunikationsdaten:<\/strong> Ihre Pr\u00e4ferenzen beim Erhalt von Marketingmaterialien von uns und Ihre Kommunikationspr\u00e4ferenzen.<\/li><\/ul><p><strong>4. Wie wir Ihre Daten erheben<\/strong><\/p><p>Wir sammeln Daten auf folgende Weise:<\/p><ul><li><strong>Direkte Interaktionen:<\/strong> Sie geben uns Ihre pers\u00f6nlichen Daten direkt durch das Ausf\u00fcllen von Formularen oder durch die Kommunikation mit uns per E-Mail, Telefon oder auf andere Weise.<\/li><li><strong>Automatisierte Technologien:<\/strong> W\u00e4hrend Sie mit unserer Website interagieren, erfassen wir automatisch technische Daten \u00fcber Ihre Ger\u00e4te, Browsing-Aktivit\u00e4ten und -Muster.<\/li><li><strong>Dritte:<\/strong> Wir k\u00f6nnen personenbezogene Daten von Analyseanbietern wie Google erhalten.<\/li><\/ul><p><strong>5. Wie wir Ihre Daten verwenden<\/strong><\/p><p>Wir verwenden Ihre personenbezogenen Daten zu folgenden Zwecken:<\/p><ul><li><strong>Dienstleistungen:<\/strong> Zur Verwaltung unserer Beziehung zu Ihnen, einschlie\u00dflich der Beantwortung von Anfragen und der Bearbeitung Ihrer Anfragen.<\/li><li><strong>Verbesserung unserer Website:<\/strong> Zur Verwaltung und Verbesserung unserer Website, einschlie\u00dflich Fehlerbehebung, Datenanalyse und Tests.<\/li><li><strong>Marketing:<\/strong> Zur Bereitstellung relevanter Inhalte und Werbung f\u00fcr Sie sowie zur Messung oder zum Verst\u00e4ndnis der Wirksamkeit unserer Werbung.<\/li><\/ul><p><strong>6. Rechtsgrundlage f\u00fcr die Verarbeitung<\/strong><\/p><p>Wir verwenden Ihre personenbezogenen Daten nur, wenn dies gesetzlich erlaubt ist. Die h\u00e4ufigsten Rechtsgrundlagen sind:<\/p><ul><li><strong>Erf\u00fcllung eines Vertrags:<\/strong> Wenn wir einen Vertrag mit Ihnen erf\u00fcllen m\u00fcssen oder kurz davorstehen, einen Vertrag mit Ihnen zu schlie\u00dfen.<\/li><li><strong>Berechtigtes Interesse:<\/strong> Wenn es f\u00fcr unsere berechtigten Interessen (oder die eines Dritten) erforderlich ist und Ihre Interessen diese nicht \u00fcberwiegen.<\/li><li><strong>Einwilligung:<\/strong> Wenn Sie der Verarbeitung Ihrer personenbezogenen Daten zugestimmt haben.<\/li><\/ul><p><strong>7. Datenweitergabe<\/strong><\/p><p>Wir geben Ihre personenbezogenen Daten nicht an Dritte weiter, au\u00dfer:<\/p><ul><li><strong>Dienstleister:<\/strong> Unternehmen, die Dienstleistungen in unserem Auftrag erbringen, wie z.B. IT- und Systemverwaltungsdienste.<\/li><li><strong>Rechtliche Verpflichtungen:<\/strong> Wenn dies gesetzlich vorgeschrieben ist oder um Ihre oder unsere Rechte zu sch\u00fctzen.<\/li><\/ul><p><strong>8. Internationale Daten\u00fcbermittlung<\/strong><\/p><p>Ihre Daten k\u00f6nnen in L\u00e4nder au\u00dferhalb des Europ\u00e4ischen Wirtschaftsraums (EWR) \u00fcbertragen und dort verarbeitet werden. Wir gew\u00e4hrleisten ein \u00e4hnliches Ma\u00df an Schutz, indem wir mindestens eine der folgenden Schutzma\u00dfnahmen anwenden:<\/p><ul><li><strong>Angemessenheitsbeschluss:<\/strong> Wir \u00fcbertragen Ihre personenbezogenen Daten nur in L\u00e4nder, die von der Europ\u00e4ischen Kommission als ein angemessenes Schutzniveau f\u00fcr personenbezogene Daten bietend eingestuft wurden.<\/li><li><strong>Standardvertragsklauseln (SCCs):<\/strong> Wir verwenden spezifische Vertr\u00e4ge, die von der Europ\u00e4ischen Kommission genehmigt wurden und die den personenbezogenen Daten denselben Schutz wie in Europa bieten.<\/li><\/ul><p><strong>9. Datensicherheit<\/strong><\/p><p>Wir haben angemessene Sicherheitsma\u00dfnahmen getroffen, um Ihre personenbezogenen Daten vor unbeabsichtigtem Verlust, unbefugter Nutzung, Zugriff, \u00c4nderung oder Offenlegung zu sch\u00fctzen. Wir beschr\u00e4nken den Zugriff auf Ihre personenbezogenen Daten auf Mitarbeiter, Agenten, Auftragnehmer und andere Dritte, die ein gesch\u00e4ftliches Bed\u00fcrfnis haben, diese zu kennen.<\/p><p><strong>10. Datenaufbewahrung<\/strong><\/p><p>Wir bewahren Ihre personenbezogenen Daten nur so lange auf, wie es f\u00fcr die Zwecke, f\u00fcr die wir sie erhoben haben, erforderlich ist, einschlie\u00dflich der Erf\u00fcllung gesetzlicher, buchhalterischer oder berichtspflichtiger Anforderungen.<\/p><p><strong>11. Ihre Rechte<\/strong><\/p><p>Nach der DSGVO haben Sie in Bezug auf Ihre personenbezogenen Daten folgende Rechte:<\/p><ul><li><strong>Zugriff:<\/strong> Sie k\u00f6nnen Zugang zu Ihren personenbezogenen Daten anfordern.<\/li><li><strong>Berichtigung:<\/strong> Sie k\u00f6nnen die Berichtigung der personenbezogenen Daten verlangen, die wir \u00fcber Sie gespeichert haben.<\/li><li><strong>L\u00f6schung:<\/strong> Sie k\u00f6nnen die L\u00f6schung Ihrer personenbezogenen Daten verlangen.<\/li><li><strong>Einschr\u00e4nkung:<\/strong> Sie k\u00f6nnen die Einschr\u00e4nkung der Verarbeitung Ihrer personenbezogenen Daten verlangen.<\/li><li><strong>Widerspruch:<\/strong> Sie k\u00f6nnen der Verarbeitung Ihrer personenbezogenen Daten widersprechen.<\/li><li><strong>Daten\u00fcbertragbarkeit:<\/strong> Sie k\u00f6nnen die \u00dcbertragung Ihrer personenbezogenen Daten anfordern.<\/li><\/ul><p><strong>12. Kontakt<\/strong><\/p><p>Wenn Sie Fragen zu dieser Datenschutzerkl\u00e4rung haben oder Ihre gesetzlichen Rechte aus\u00fcben m\u00f6chten, kontaktieren Sie uns bitte unter:<\/p><p><strong>Wirsun<\/strong><br \/>[Adresse einf\u00fcgen]<br \/>E-Mail: [E-Mail einf\u00fcgen]<br \/>Telefon: [Telefonnummer einf\u00fcgen]<\/p><p><strong>13. \u00c4nderungen an dieser Richtlinie<\/strong><\/p><p>Wir k\u00f6nnen diese Datenschutzerkl\u00e4rung von Zeit zu Zeit aktualisieren. Wir werden Sie \u00fcber wesentliche \u00c4nderungen durch die Ver\u00f6ffentlichung der neuen Richtlinie auf unserer Website informieren. Bitte \u00fcberpr\u00fcfen Sie diese Richtlinie regelm\u00e4\u00dfig.<\/p><hr \/><p>Stellen Sie sicher, dass diese Datenschutzerkl\u00e4rung alle spezifischen Datenverarbeitungspraktiken Ihres Unternehmens widerspiegelt, und ziehen Sie gegebenenfalls rechtlichen Rat hinzu, um sicherzustellen, dass sie den geltenden Gesetzen entspricht.<\/p>\t\t\t\t\t\t\t\t<\/div>\n\t\t\t\t<\/div>\n\t\t\t\t<\/div>\n\t\t\t\t<\/div>\n\t\t\t\t<div class=\"elementor-element elementor-element-b05ff5c elementor-widget__width-auto elementor-absolute elementor-widget-tablet__width-auto elementor-hidden-tablet elementor-hidden-mobile elementor-invisible elementor-widget elementor-widget-image\" data-id=\"b05ff5c\" data-element_type=\"widget\" data-settings=\"{&quot;_position&quot;:&quot;absolute&quot;,&quot;_animation&quot;:&quot;fadeIn&quot;}\" data-widget_type=\"image.default\">\n\t\t\t\t<div class=\"elementor-widget-container\">\n\t\t\t\t\t\t\t\t\t\t\t\t\t\t\t<img decoding=\"async\" width=\"288\" height=\"406\" src=\"https:\/\/wirsun.com\/wp-content\/uploads\/2024\/07\/03.png\" class=\"attachment-full size-full wp-image-57\" alt=\"\" srcset=\"https:\/\/wirsun.com\/wp-content\/uploads\/2024\/07\/03.png 288w, https:\/\/wirsun.com\/wp-content\/uploads\/2024\/07\/03-213x300.png 213w\" sizes=\"(max-width: 288px) 100vw, 288px\" \/>\t\t\t\t\t\t\t\t\t\t\t\t\t\t\t<\/div>\n\t\t\t\t<\/div>\n\t\t\t\t<\/div>\n\t\t\t\t\t<\/div>\n\t\t\t\t<\/div>\n\t\t\t\t<\/div>","protected":false},"excerpt":{"rendered":"<p>Datenschutz 1. Einleitung Willkommen bei WirSun. Wir sch\u00e4tzen Ihre Privatsph\u00e4re und verpflichten uns, Ihre pers\u00f6nlichen Daten zu sch\u00fctzen. Diese Datenschutzerkl\u00e4rung erkl\u00e4rt, wie wir Ihre Informationen sammeln, verwenden und sch\u00fctzen, wenn Sie unsere Website www.wirsun.de (die &#8222;Website&#8220;) besuchen oder unsere Dienstleistungen in Anspruch nehmen. 2. Verantwortliche Stelle Wirsun, mit Sitz in [vollst\u00e4ndige Adresse einf\u00fcgen], Deutschland, ist [&hellip;]<\/p>","protected":false},"author":1,"featured_media":0,"parent":0,"menu_order":0,"comment_status":"closed","ping_status":"open","template":"elementor_header_footer","meta":{"footnotes":""},"class_list":["post-2","page","type-page","status-publish","hentry"],"_links":{"self":[{"href":"https:\/\/wirsun.com\/en\/wp-json\/wp\/v2\/pages\/2","targetHints":{"allow":["GET"]}}],"collection":[{"href":"https:\/\/wirsun.com\/en\/wp-json\/wp\/v2\/pages"}],"about":[{"href":"https:\/\/wirsun.com\/en\/wp-json\/wp\/v2\/types\/page"}],"author":[{"embeddable":true,"href":"https:\/\/wirsun.com\/en\/wp-json\/wp\/v2\/users\/1"}],"replies":[{"embeddable":true,"href":"https:\/\/wirsun.com\/en\/wp-json\/wp\/v2\/comments?post=2"}],"version-history":[{"count":5,"href":"https:\/\/wirsun.com\/en\/wp-json\/wp\/v2\/pages\/2\/revisions"}],"predecessor-version":[{"id":886,"href":"https:\/\/wirsun.com\/en\/wp-json\/wp\/v2\/pages\/2\/revisions\/886"}],"wp:attachment":[{"href":"https:\/\/wirsun.com\/en\/wp-json\/wp\/v2\/media?parent=2"}],"curies":[{"name":"wp","href":"https:\/\/api.w.org\/{rel}","templated":true}]}}