{"id":237,"date":"2024-08-01T18:04:12","date_gmt":"2024-08-01T18:04:12","guid":{"rendered":"https:\/\/wirsun.eu\/?page_id=237"},"modified":"2024-11-21T11:08:02","modified_gmt":"2024-11-21T11:08:02","slug":"dienstleistungen","status":"publish","type":"page","link":"https:\/\/wirsun.com\/en\/dienstleistungen\/","title":{"rendered":"Services"},"content":{"rendered":"<div data-elementor-type=\"wp-page\" data-elementor-id=\"237\" class=\"elementor elementor-237\">\n\t\t\t\t<div class=\"elementor-element elementor-element-1c8af08 e-flex e-con-boxed e-con e-parent\" data-id=\"1c8af08\" data-element_type=\"container\" data-settings=\"{&quot;background_background&quot;:&quot;classic&quot;}\">\n\t\t\t\t\t<div class=\"e-con-inner\">\n\t\t<div class=\"elementor-element elementor-element-facc5e7 e-con-full e-flex e-con e-child\" data-id=\"facc5e7\" data-element_type=\"container\">\n\t\t<div class=\"elementor-element elementor-element-c9aff05 e-con-full e-flex e-con e-child\" data-id=\"c9aff05\" data-element_type=\"container\">\n\t\t<div class=\"elementor-element elementor-element-8338216 e-con-full e-flex e-con e-child\" data-id=\"8338216\" data-element_type=\"container\">\n\t\t\t\t<div class=\"elementor-element elementor-element-46735e1 elementor-invisible elementor-widget elementor-widget-heading\" data-id=\"46735e1\" data-element_type=\"widget\" data-settings=\"{&quot;_animation&quot;:&quot;fadeInUp&quot;}\" data-widget_type=\"heading.default\">\n\t\t\t\t<div class=\"elementor-widget-container\">\n\t\t\t\t\t<h1 class=\"elementor-heading-title elementor-size-default\">Turnkey-Excellence<\/h1>\t\t\t\t<\/div>\n\t\t\t\t<\/div>\n\t\t\t\t<\/div>\n\t\t\t\t<\/div>\n\t\t<div class=\"elementor-element elementor-element-2db079d e-con-full e-flex e-con e-child\" data-id=\"2db079d\" data-element_type=\"container\">\n\t\t<div class=\"elementor-element elementor-element-94621bf e-con-full e-flex e-con e-child\" data-id=\"94621bf\" data-element_type=\"container\" data-settings=\"{&quot;background_background&quot;:&quot;classic&quot;}\">\n\t\t\t\t<div class=\"elementor-element elementor-element-c19b28f elementor-invisible elementor-widget elementor-widget-text-editor\" data-id=\"c19b28f\" data-element_type=\"widget\" data-settings=\"{&quot;_animation&quot;:&quot;fadeInUp&quot;}\" data-widget_type=\"text-editor.default\">\n\t\t\t\t<div class=\"elementor-widget-container\">\n\t\t\t\t\t\t\t\t\t<p>At WirSun, we pride ourselves on working closely with the world's leading battery manufacturers to provide you with unique turnkey solutions that are precisely tailored to your individual requirements. Utilise the strength of our extensive network, which is further strengthened by the subsidiaries of the Sunotec and Wirth Group. This enables us to build strategic partnerships that are crucial to the success of your project.<\/p>\t\t\t\t\t\t\t\t<\/div>\n\t\t\t\t<\/div>\n\t\t\t\t<\/div>\n\t\t<div class=\"elementor-element elementor-element-bbf353d e-con-full e-flex e-con e-child\" data-id=\"bbf353d\" data-element_type=\"container\">\n\t\t\t\t<div class=\"elementor-element elementor-element-912cbdd elementor-invisible elementor-widget elementor-widget-image\" data-id=\"912cbdd\" data-element_type=\"widget\" data-settings=\"{&quot;_animation&quot;:&quot;fadeInUp&quot;}\" data-widget_type=\"image.default\">\n\t\t\t\t<div class=\"elementor-widget-container\">\n\t\t\t\t\t\t\t\t\t\t\t\t\t\t\t<img fetchpriority=\"high\" decoding=\"async\" width=\"1000\" height=\"820\" src=\"https:\/\/wirsun.com\/wp-content\/uploads\/2024\/08\/wirsun-arise.png\" class=\"attachment-full size-full wp-image-637\" alt=\"\" srcset=\"https:\/\/wirsun.com\/wp-content\/uploads\/2024\/08\/wirsun-arise.png 1000w, https:\/\/wirsun.com\/wp-content\/uploads\/2024\/08\/wirsun-arise-300x246.png 300w, https:\/\/wirsun.com\/wp-content\/uploads\/2024\/08\/wirsun-arise-768x630.png 768w, https:\/\/wirsun.com\/wp-content\/uploads\/2024\/08\/wirsun-arise-760x623.png 760w, https:\/\/wirsun.com\/wp-content\/uploads\/2024\/08\/wirsun-arise-370x303.png 370w\" sizes=\"(max-width: 1000px) 100vw, 1000px\" \/>\t\t\t\t\t\t\t\t\t\t\t\t\t\t\t<\/div>\n\t\t\t\t<\/div>\n\t\t\t\t<\/div>\n\t\t\t\t<\/div>\n\t\t\t\t<\/div>\n\t\t\t\t\t<\/div>\n\t\t\t\t<\/div>\n\t\t<div class=\"elementor-element elementor-element-7f4031db e-flex e-con-boxed e-con e-parent\" data-id=\"7f4031db\" data-element_type=\"container\">\n\t\t\t\t\t<div class=\"e-con-inner\">\n\t\t<div class=\"elementor-element elementor-element-29d58347 e-con-full e-flex e-con e-child\" data-id=\"29d58347\" data-element_type=\"container\">\n\t\t<div class=\"elementor-element elementor-element-24b1fd29 e-con-full e-flex e-con e-child\" data-id=\"24b1fd29\" data-element_type=\"container\">\n\t\t<div class=\"elementor-element elementor-element-19e41a9f e-con-full e-flex e-con e-child\" data-id=\"19e41a9f\" data-element_type=\"container\" data-settings=\"{&quot;background_background&quot;:&quot;classic&quot;}\">\n\t\t\t\t<div class=\"elementor-element elementor-element-cddfdfb elementor-widget elementor-widget-spacer\" data-id=\"cddfdfb\" data-element_type=\"widget\" data-widget_type=\"spacer.default\">\n\t\t\t\t<div class=\"elementor-widget-container\">\n\t\t\t\t\t\t\t<div class=\"elementor-spacer\">\n\t\t\t<div class=\"elementor-spacer-inner\"><\/div>\n\t\t<\/div>\n\t\t\t\t\t\t<\/div>\n\t\t\t\t<\/div>\n\t\t\t\t<\/div>\n\t\t<div class=\"elementor-element elementor-element-71fd6d8 e-con-full e-flex e-con e-child\" data-id=\"71fd6d8\" data-element_type=\"container\">\n\t\t\t\t<div class=\"elementor-element elementor-element-6eb8d59b elementor-invisible elementor-widget elementor-widget-heading\" data-id=\"6eb8d59b\" data-element_type=\"widget\" data-settings=\"{&quot;_animation&quot;:&quot;fadeInUp&quot;}\" data-widget_type=\"heading.default\">\n\t\t\t\t<div class=\"elementor-widget-container\">\n\t\t\t\t\t<h2 class=\"elementor-heading-title elementor-size-default\">Project development and planning<\/h2>\t\t\t\t<\/div>\n\t\t\t\t<\/div>\n\t\t\t\t<div class=\"elementor-element elementor-element-4b40b868 elementor-invisible elementor-widget elementor-widget-text-editor\" data-id=\"4b40b868\" data-element_type=\"widget\" data-settings=\"{&quot;_animation&quot;:&quot;fadeInUp&quot;}\" data-widget_type=\"text-editor.default\">\n\t\t\t\t<div class=\"elementor-widget-container\">\n\t\t\t\t\t\t\t\t\t<p>Our comprehensive project development and planning services ensure that your projects are optimally positioned right from the start:<\/p><p><strong>Electrical planning:<\/strong> Our engineers develop customised electrical designs that meet both the technical and safety requirements of your projects. We integrate state-of-the-art technologies such as high-performance inverters, energy management systems and advanced control systems to ensure the optimum performance of your storage solutions.<\/p><p><strong>Selection of system partners:<\/strong> Thanks to our extensive network, we select the best technology partners to ensure that your systems offer maximum efficiency and reliability.<\/p><p><strong>Financing:<\/strong> We offer you support in raising capital and structuring financing models that are specifically tailored to the requirements of BESS projects.<\/p>\t\t\t\t\t\t\t\t<\/div>\n\t\t\t\t<\/div>\n\t\t\t\t<\/div>\n\t\t\t\t<\/div>\n\t\t\t\t<\/div>\n\t\t\t\t\t<\/div>\n\t\t\t\t<\/div>\n\t\t<div class=\"elementor-element elementor-element-f3eba5b e-flex e-con-boxed e-con e-parent\" data-id=\"f3eba5b\" data-element_type=\"container\" data-settings=\"{&quot;background_background&quot;:&quot;classic&quot;}\">\n\t\t\t\t\t<div class=\"e-con-inner\">\n\t\t<div class=\"elementor-element elementor-element-bd093b5 e-con-full e-flex e-con e-child\" data-id=\"bd093b5\" data-element_type=\"container\">\n\t\t<div class=\"elementor-element elementor-element-9f7f9fa e-con-full e-flex e-con e-child\" data-id=\"9f7f9fa\" data-element_type=\"container\">\n\t\t<div class=\"elementor-element elementor-element-6d73649 e-con-full e-flex e-con e-child\" data-id=\"6d73649\" data-element_type=\"container\" data-settings=\"{&quot;background_background&quot;:&quot;classic&quot;}\">\n\t\t\t\t<div class=\"elementor-element elementor-element-1319d1a elementor-widget elementor-widget-spacer\" data-id=\"1319d1a\" data-element_type=\"widget\" data-widget_type=\"spacer.default\">\n\t\t\t\t<div class=\"elementor-widget-container\">\n\t\t\t\t\t\t\t<div class=\"elementor-spacer\">\n\t\t\t<div class=\"elementor-spacer-inner\"><\/div>\n\t\t<\/div>\n\t\t\t\t\t\t<\/div>\n\t\t\t\t<\/div>\n\t\t\t\t<\/div>\n\t\t<div class=\"elementor-element elementor-element-dbe7255 e-con-full e-flex e-con e-child\" data-id=\"dbe7255\" data-element_type=\"container\">\n\t\t\t\t<div class=\"elementor-element elementor-element-ba12dcf elementor-invisible elementor-widget elementor-widget-heading\" data-id=\"ba12dcf\" data-element_type=\"widget\" data-settings=\"{&quot;_animation&quot;:&quot;fadeInUp&quot;}\" data-widget_type=\"heading.default\">\n\t\t\t\t<div class=\"elementor-widget-container\">\n\t\t\t\t\t<h2 class=\"elementor-heading-title elementor-size-default\">Construction<\/h2>\t\t\t\t<\/div>\n\t\t\t\t<\/div>\n\t\t\t\t<div class=\"elementor-element elementor-element-ce53af5 elementor-invisible elementor-widget elementor-widget-text-editor\" data-id=\"ce53af5\" data-element_type=\"widget\" data-settings=\"{&quot;_animation&quot;:&quot;fadeInUp&quot;}\" data-widget_type=\"text-editor.default\">\n\t\t\t\t<div class=\"elementor-widget-container\">\n\t\t\t\t\t\t\t\t\t<p>We offer a comprehensive service package for the installation of your turnkey battery storage systems:<\/p><p><strong>Procurement: <\/strong>Through our close relationships with leading manufacturers, we ensure the efficient and cost-effective procurement of all necessary components, including battery storage modules, converters, transformers and cooling systems.<\/p><p><strong>Logistics:<\/strong> Our logistics solutions ensure that all materials and components arrive safely and on time at your site to ensure a smooth process.<\/p><p><strong>Project management:<\/strong> Our experienced project managers coordinate all steps, from site preparation to installation and commissioning, and ensure that your projects are realised to the highest quality standards.<\/p><p><strong>Quality assurance:<\/strong> We rely on strict quality controls and testing procedures to ensure that your systems meet the highest standards and operate reliably.<\/p><p><strong>Installation:<\/strong> Our technicians install your battery storage systems professionally and in compliance with all relevant standards and regulations to ensure long-term and reliable operational readiness.<\/p><p><strong>Testing and commissioning:<\/strong> Before final commissioning, your systems undergo comprehensive tests to ensure their performance and safety. Our engineers carry out tests that cover both functionality and integration into the existing energy system.<\/p>\t\t\t\t\t\t\t\t<\/div>\n\t\t\t\t<\/div>\n\t\t\t\t<\/div>\n\t\t\t\t<\/div>\n\t\t\t\t<\/div>\n\t\t\t\t\t<\/div>\n\t\t\t\t<\/div>\n\t\t<div class=\"elementor-element elementor-element-6053108 e-flex e-con-boxed e-con e-parent\" data-id=\"6053108\" data-element_type=\"container\">\n\t\t\t\t\t<div class=\"e-con-inner\">\n\t\t<div class=\"elementor-element elementor-element-4389309 e-con-full e-flex e-con e-child\" data-id=\"4389309\" data-element_type=\"container\">\n\t\t<div class=\"elementor-element elementor-element-c5412fc e-con-full e-flex e-con e-child\" data-id=\"c5412fc\" data-element_type=\"container\">\n\t\t<div class=\"elementor-element elementor-element-b4bc0c6 e-con-full e-flex e-con e-child\" data-id=\"b4bc0c6\" data-element_type=\"container\" data-settings=\"{&quot;background_background&quot;:&quot;classic&quot;}\">\n\t\t\t\t<div class=\"elementor-element elementor-element-b753e36 elementor-widget elementor-widget-spacer\" data-id=\"b753e36\" data-element_type=\"widget\" data-widget_type=\"spacer.default\">\n\t\t\t\t<div class=\"elementor-widget-container\">\n\t\t\t\t\t\t\t<div class=\"elementor-spacer\">\n\t\t\t<div class=\"elementor-spacer-inner\"><\/div>\n\t\t<\/div>\n\t\t\t\t\t\t<\/div>\n\t\t\t\t<\/div>\n\t\t\t\t<div class=\"elementor-element elementor-element-dd70a88 elementor-widget elementor-widget-spacer\" data-id=\"dd70a88\" data-element_type=\"widget\" data-widget_type=\"spacer.default\">\n\t\t\t\t<div class=\"elementor-widget-container\">\n\t\t\t\t\t\t\t<div class=\"elementor-spacer\">\n\t\t\t<div class=\"elementor-spacer-inner\"><\/div>\n\t\t<\/div>\n\t\t\t\t\t\t<\/div>\n\t\t\t\t<\/div>\n\t\t\t\t<\/div>\n\t\t<div class=\"elementor-element elementor-element-64254a2 e-con-full e-flex e-con e-child\" data-id=\"64254a2\" data-element_type=\"container\">\n\t\t\t\t<div class=\"elementor-element elementor-element-b9f700d elementor-invisible elementor-widget elementor-widget-heading\" data-id=\"b9f700d\" data-element_type=\"widget\" data-settings=\"{&quot;_animation&quot;:&quot;fadeInUp&quot;}\" data-widget_type=\"heading.default\">\n\t\t\t\t<div class=\"elementor-widget-container\">\n\t\t\t\t\t<h2 class=\"elementor-heading-title elementor-size-default\">Operation and maintenance<\/h2>\t\t\t\t<\/div>\n\t\t\t\t<\/div>\n\t\t\t\t<div class=\"elementor-element elementor-element-c371343 elementor-invisible elementor-widget elementor-widget-text-editor\" data-id=\"c371343\" data-element_type=\"widget\" data-settings=\"{&quot;_animation&quot;:&quot;fadeInUp&quot;}\" data-widget_type=\"text-editor.default\">\n\t\t\t\t<div class=\"elementor-widget-container\">\n\t\t\t\t\t\t\t\t\t<p>We ensure that your storage solutions operate reliably and efficiently in the long term:<\/p><p><strong>Support:<\/strong> Our technical support team is available around the clock to provide fast and competent support in the event of questions or problems.<\/p><p><strong>Continuous improvement:<\/strong> By continuously monitoring and analysing system performance, we identify and implement optimisation potential to continuously increase the efficiency of your storage solutions.<\/p><p><strong>Asset Management:<\/strong> Our comprehensive asset management ensures that your systems are operated optimally to guarantee maximum profitability and service life. This includes regular inspections, preventive maintenance and systematic fault analyses.<\/p><p><strong>Operation and maintenance:<\/strong> We offer comprehensive maintenance services to ensure that your systems are operational at all times and deliver maximum performance. Our service includes both planned maintenance work and rapid repairs in the event of a fault.<\/p><p><strong>Monetisation:<\/strong> Our experts support you in optimising the monetisation of your storage solutions, including integration into energy markets and the use of revenue streams such as arbitrage and frequency regulation.<\/p>\t\t\t\t\t\t\t\t<\/div>\n\t\t\t\t<\/div>\n\t\t\t\t<\/div>\n\t\t\t\t<\/div>\n\t\t\t\t<\/div>\n\t\t\t\t\t<\/div>\n\t\t\t\t<\/div>\n\t\t<div class=\"elementor-element elementor-element-eedd133 e-flex e-con-boxed e-con e-parent\" data-id=\"eedd133\" data-element_type=\"container\">\n\t\t\t\t\t<div class=\"e-con-inner\">\n\t\t<div class=\"elementor-element elementor-element-2396b060 e-con-full e-flex e-con e-child\" data-id=\"2396b060\" data-element_type=\"container\">\n\t\t\t\t<div class=\"elementor-element elementor-element-695d3bf9 elementor-widget-divider--view-line elementor-invisible elementor-widget elementor-widget-divider\" data-id=\"695d3bf9\" data-element_type=\"widget\" data-settings=\"{&quot;_animation&quot;:&quot;fadeIn&quot;}\" data-widget_type=\"divider.default\">\n\t\t\t\t<div class=\"elementor-widget-container\">\n\t\t\t\t\t\t\t<div class=\"elementor-divider\">\n\t\t\t<span class=\"elementor-divider-separator\">\n\t\t\t\t\t\t<\/span>\n\t\t<\/div>\n\t\t\t\t\t\t<\/div>\n\t\t\t\t<\/div>\n\t\t\t\t<\/div>\n\t\t\t\t\t<\/div>\n\t\t\t\t<\/div>\n\t\t<div class=\"elementor-element elementor-element-ff8a786 e-flex e-con-boxed e-con e-parent\" data-id=\"ff8a786\" data-element_type=\"container\" data-settings=\"{&quot;background_background&quot;:&quot;classic&quot;}\">\n\t\t\t\t\t<div class=\"e-con-inner\">\n\t\t<div class=\"elementor-element elementor-element-8335341 e-con-full e-flex e-con e-child\" data-id=\"8335341\" data-element_type=\"container\">\n\t\t<div class=\"elementor-element elementor-element-c96b396 e-con-full e-flex e-con e-child\" data-id=\"c96b396\" data-element_type=\"container\">\n\t\t<div class=\"elementor-element elementor-element-967e25b e-con-full e-flex e-con e-child\" data-id=\"967e25b\" data-element_type=\"container\">\n\t\t\t\t<div class=\"elementor-element elementor-element-ee3ff28 elementor-invisible elementor-widget elementor-widget-heading\" data-id=\"ee3ff28\" data-element_type=\"widget\" data-settings=\"{&quot;_animation&quot;:&quot;fadeInUp&quot;}\" data-widget_type=\"heading.default\">\n\t\t\t\t<div class=\"elementor-widget-container\">\n\t\t\t\t\t<h2 class=\"elementor-heading-title elementor-size-default\">Shaping the future of energy with WirSun\n<\/h2>\t\t\t\t<\/div>\n\t\t\t\t<\/div>\n\t\t\t\t<div class=\"elementor-element elementor-element-fd0071f elementor-invisible elementor-widget elementor-widget-text-editor\" data-id=\"fd0071f\" data-element_type=\"widget\" data-settings=\"{&quot;_animation&quot;:&quot;fadeInUp&quot;}\" data-widget_type=\"text-editor.default\">\n\t\t\t\t<div class=\"elementor-widget-container\">\n\t\t\t\t\t\t\t\t\t<p>Contact us today to jointly develop efficient and innovative solutions for your battery storage project - all supported by the combined expertise of our group of companies.<\/p>\t\t\t\t\t\t\t\t<\/div>\n\t\t\t\t<\/div>\n\t\t\t\t<div class=\"elementor-element elementor-element-79332e4 elementor-align-center elementor-widescreen-align-center elementor-mobile-align-center elementor-invisible elementor-widget elementor-widget-button\" data-id=\"79332e4\" data-element_type=\"widget\" data-settings=\"{&quot;_animation&quot;:&quot;fadeInUp&quot;}\" data-widget_type=\"button.default\">\n\t\t\t\t<div class=\"elementor-widget-container\">\n\t\t\t\t\t\t\t\t\t<div class=\"elementor-button-wrapper\">\n\t\t\t\t\t<a class=\"elementor-button elementor-button-link elementor-size-sm\" href=\"https:\/\/wirsun.com\/en\/kontakt\/\">\n\t\t\t\t\t\t<span class=\"elementor-button-content-wrapper\">\n\t\t\t\t\t\t<span class=\"elementor-button-icon\">\n\t\t\t\t<svg aria-hidden=\"true\" class=\"e-font-icon-svg e-fas-angle-right\" viewbox=\"0 0 256 512\" xmlns=\"http:\/\/www.w3.org\/2000\/svg\"><path d=\"M224.3 273l-136 136c-9.4 9.4-24.6 9.4-33.9 0l-22.6-22.6c-9.4-9.4-9.4-24.6 0-33.9l96.4-96.4-96.4-96.4c-9.4-9.4-9.4-24.6 0-33.9L54.3 103c9.4-9.4 24.6-9.4 33.9 0l136 136c9.5 9.4 9.5 24.6.1 34z\"><\/path><\/svg>\t\t\t<\/span>\n\t\t\t\t\t\t\t\t\t<span class=\"elementor-button-text\">Kontakt<\/span>\n\t\t\t\t\t<\/span>\n\t\t\t\t\t<\/a>\n\t\t\t\t<\/div>\n\t\t\t\t\t\t\t\t<\/div>\n\t\t\t\t<\/div>\n\t\t\t\t<\/div>\n\t\t\t\t<\/div>\n\t\t\t\t<\/div>\n\t\t\t\t\t<\/div>\n\t\t\t\t<\/div>\n\t\t\t\t<\/div>","protected":false},"excerpt":{"rendered":"<p>Turnkey-Exzellenz Bei WirSun sind wir stolz darauf, eng mit den weltweit f\u00fchrenden Batterieherstellern zusammenzuarbeiten, um Ihnen einzigartige EPC-Dienstleistungen zu bieten, die pr\u00e4zise auf Ihre Bed\u00fcrfnisse zugeschnitten sind. Nutzen Sie die St\u00e4rke unseres weitreichenden Netzwerks, das durch die Pr\u00e4senz unserer Tochtergesellschaften innerhalb der Sunotec- und Wirth-Gruppe weiter gest\u00e4rkt wird. Dies erm\u00f6glicht es uns, eine Vielzahl strategischer [&hellip;]<\/p>","protected":false},"author":2,"featured_media":0,"parent":0,"menu_order":0,"comment_status":"closed","ping_status":"closed","template":"elementor_header_footer","meta":{"footnotes":""},"class_list":["post-237","page","type-page","status-publish","hentry"],"_links":{"self":[{"href":"https:\/\/wirsun.com\/en\/wp-json\/wp\/v2\/pages\/237","targetHints":{"allow":["GET"]}}],"collection":[{"href":"https:\/\/wirsun.com\/en\/wp-json\/wp\/v2\/pages"}],"about":[{"href":"https:\/\/wirsun.com\/en\/wp-json\/wp\/v2\/types\/page"}],"author":[{"embeddable":true,"href":"https:\/\/wirsun.com\/en\/wp-json\/wp\/v2\/users\/2"}],"replies":[{"embeddable":true,"href":"https:\/\/wirsun.com\/en\/wp-json\/wp\/v2\/comments?post=237"}],"version-history":[{"count":152,"href":"https:\/\/wirsun.com\/en\/wp-json\/wp\/v2\/pages\/237\/revisions"}],"predecessor-version":[{"id":1243,"href":"https:\/\/wirsun.com\/en\/wp-json\/wp\/v2\/pages\/237\/revisions\/1243"}],"wp:attachment":[{"href":"https:\/\/wirsun.com\/en\/wp-json\/wp\/v2\/media?parent=237"}],"curies":[{"name":"wp","href":"https:\/\/api.w.org\/{rel}","templated":true}]}}